{"id":9516,"date":"2024-05-08T10:01:16","date_gmt":"2024-05-08T08:01:16","guid":{"rendered":"https:\/\/arehapartamentos.com\/faq\/"},"modified":"2024-06-10T10:21:49","modified_gmt":"2024-06-10T08:21:49","slug":"faq","status":"publish","type":"page","link":"https:\/\/arehapartamentos.com\/fr\/faq\/","title":{"rendered":"FAQ"},"content":{"rendered":"<p>[et_pb_section fb_built=\u00a0\u00bb1&Prime; _builder_version=\u00a0\u00bb4.25.1&Prime; _module_preset=\u00a0\u00bbdefault\u00a0\u00bb background_color=\u00a0\u00bbrgba(246,246,246,0.29)\u00a0\u00bb background_image=\u00a0\u00bbhttps:\/\/arehapartamentos.com\/wp-content\/uploads\/2024\/05\/431-salon-y-comedor-x-1.jpg\u00a0\u00bb background_position=\u00a0\u00bbbottom_center\u00a0\u00bb background_vertical_offset=\u00a0\u00bb40%\u00a0\u00bb background_blend=\u00a0\u00bbsoft-light\u00a0\u00bb height=\u00a0\u00bb300px\u00a0\u00bb global_colors_info=\u00a0\u00bb{}\u00a0\u00bb][et_pb_row _builder_version=\u00a0\u00bb4.23.4&Prime; _module_preset=\u00a0\u00bbdefault\u00a0\u00bb custom_padding=\u00a0\u00bb5%||||false|false\u00a0\u00bb global_colors_info=\u00a0\u00bb{}\u00a0\u00bb][et_pb_column type=\u00a0\u00bb4_4&Prime; _builder_version=\u00a0\u00bb4.23.4&Prime; _module_preset=\u00a0\u00bbdefault\u00a0\u00bb global_colors_info=\u00a0\u00bb{}\u00a0\u00bb][et_pb_text module_class=\u00a0\u00bbtituloFAQ\u00a0\u00bb _builder_version=\u00a0\u00bb4.25.1&Prime; _module_preset=\u00a0\u00bbdefault\u00a0\u00bb header_font=\u00a0\u00bbSarabun|700|||||||\u00a0\u00bb header_text_align=\u00a0\u00bbcenter\u00a0\u00bb header_text_color=\u00a0\u00bb#02002c\u00a0\u00bb header_font_size=\u00a0\u00bb45px\u00a0\u00bb custom_padding_tablet=\u00a0\u00bb10%||||false|false\u00a0\u00bb custom_padding_phone=\u00a0\u00bb12%||||false|false\u00a0\u00bb custom_padding_last_edited=\u00a0\u00bbon|phone\u00a0\u00bb header_font_size_tablet=\u00a0\u00bb45px\u00a0\u00bb header_font_size_phone=\u00a0\u00bb\u00a0\u00bb header_font_size_last_edited=\u00a0\u00bbon|phone\u00a0\u00bb global_colors_info=\u00a0\u00bb{}\u00a0\u00bb]<\/p>\n<h1>Questions fr\u00e9quemment pos\u00e9es<\/h1>\n<p>[\/et_pb_text][\/et_pb_column][\/et_pb_row][\/et_pb_section][et_pb_section fb_built=\u00a0\u00bb1&Prime; _builder_version=\u00a0\u00bb4.23.4&Prime; _module_preset=\u00a0\u00bbdefault\u00a0\u00bb global_colors_info=\u00a0\u00bb{}\u00a0\u00bb][et_pb_row _builder_version=\u00a0\u00bb4.23.4&Prime; _module_preset=\u00a0\u00bbdefault\u00a0\u00bb global_colors_info=\u00a0\u00bb{}\u00a0\u00bb][et_pb_column type=\u00a0\u00bb4_4&Prime; _builder_version=\u00a0\u00bb4.23.4&Prime; _module_preset=\u00a0\u00bbdefault\u00a0\u00bb global_colors_info=\u00a0\u00bb{}\u00a0\u00bb][et_pb_accordion open_toggle_background_color=\u00a0\u00bbrgba(255,255,255,0)\u00a0\u00bb toggle_icon=\u00a0\u00bb&#x33;||divi||400&Prime; icon_color=\u00a0\u00bb#303030&Prime; use_icon_font_size=\u00a0\u00bbon\u00a0\u00bb icon_font_size=\u00a0\u00bb23px\u00a0\u00bb _builder_version=\u00a0\u00bb4.25.1&Prime; _module_preset=\u00a0\u00bbdefault\u00a0\u00bb box_shadow_style=\u00a0\u00bbpreset3&Prime; box_shadow_blur=\u00a0\u00bb8px\u00a0\u00bb box_shadow_spread=\u00a0\u00bb-5px\u00a0\u00bb global_colors_info=\u00a0\u00bb{}\u00a0\u00bb toggle_icon__hover_enabled=\u00a0\u00bbon|hover\u00a0\u00bb toggle_icon__hover=\u00a0\u00bb7||divi||400&Prime;][et_pb_accordion_item title=\u00a0\u00bbQuel est le nombre minimum de nuits ?\u00a0\u00bb open=\u00a0\u00bboff\u00a0\u00bb _builder_version=\u00a0\u00bb4.25.1&Prime; _module_preset=\u00a0\u00bbdefault\u00a0\u00bb body_font=\u00a0\u00bbSarabun|500|||||||\u00a0\u00bb body_text_align=\u00a0\u00bbcenter\u00a0\u00bb body_text_color=\u00a0\u00bb#000000&Prime; body_font_size=\u00a0\u00bb18px\u00a0\u00bb global_colors_info=\u00a0\u00bb{}\u00a0\u00bb toggle_text_color=\u00a0\u00bb#02002c\u00a0\u00bb toggle_font=\u00a0\u00bbSarabun|700|||||||\u00a0\u00bb toggle_text_align=\u00a0\u00bbcenter\u00a0\u00bb toggle_font_size=\u00a0\u00bb21px\u00a0\u00bb toggle_font_size_tablet=\u00a0\u00bb28px\u00a0\u00bb toggle_font_size_phone=\u00a0\u00bb22px\u00a0\u00bb toggle_font_size_last_edited=\u00a0\u00bbon|phone\u00a0\u00bb]<\/p>\n<p>En basse saison 1 nuit, 5 nuits en haute saison et moyenne saison, nous consulter.<\/p>\n<p>[\/et_pb_accordion_item][et_pb_accordion_item title=\u00a0\u00bb\u00cates-vous proche de la plage ?\u00a0\u00bb _builder_version=\u00a0\u00bb4.25.1&Prime; _module_preset=\u00a0\u00bbdefault\u00a0\u00bb body_font=\u00a0\u00bbSarabun|500|||||||\u00a0\u00bb body_text_align=\u00a0\u00bbcenter\u00a0\u00bb body_text_color=\u00a0\u00bb#000000&Prime; body_font_size=\u00a0\u00bb18px\u00a0\u00bb global_colors_info=\u00a0\u00bb{}\u00a0\u00bb toggle_text_color=\u00a0\u00bb#02002c\u00a0\u00bb toggle_font=\u00a0\u00bbSarabun|700|||||||\u00a0\u00bb toggle_text_align=\u00a0\u00bbcenter\u00a0\u00bb toggle_font_size=\u00a0\u00bb21px\u00a0\u00bb toggle_font_size_tablet=\u00a0\u00bb28px\u00a0\u00bb toggle_font_size_phone=\u00a0\u00bb22px\u00a0\u00bb toggle_font_size_last_edited=\u00a0\u00bbon|phone\u00a0\u00bb open=\u00a0\u00bboff\u00a0\u00bb]<\/p>\n<p>En seulement 2 minutes \u00e0 pied, vous pourrez vous d\u00e9tendre sur la serviette.<\/p>\n<p>[\/et_pb_accordion_item][et_pb_accordion_item title=\u00a0\u00bb Comment se passe l\u00b4acc\u00e8s \u00e0 la plage ?\u00a0\u00bb _builder_version=\u00a0\u00bb4.25.1&Prime; _module_preset=\u00a0\u00bbdefault\u00a0\u00bb body_font=\u00a0\u00bbSarabun|500|||||||\u00a0\u00bb body_text_align=\u00a0\u00bbcenter\u00a0\u00bb body_text_color=\u00a0\u00bb#000000&Prime; body_font_size=\u00a0\u00bb18px\u00a0\u00bb hover_enabled=\u00a0\u00bb0&Prime; global_colors_info=\u00a0\u00bb{}\u00a0\u00bb toggle_text_color=\u00a0\u00bb#02002c\u00a0\u00bb toggle_font=\u00a0\u00bbSarabun|700|||||||\u00a0\u00bb toggle_text_align=\u00a0\u00bbcenter\u00a0\u00bb toggle_font_size=\u00a0\u00bb21px\u00a0\u00bb toggle_font_size_tablet=\u00a0\u00bb28px\u00a0\u00bb toggle_font_size_phone=\u00a0\u00bb22px\u00a0\u00bb toggle_font_size_last_edited=\u00a0\u00bbon|phone\u00a0\u00bb open=\u00a0\u00bbon\u00a0\u00bb sticky_enabled=\u00a0\u00bb0&Prime;]<\/p>\n<p>L&rsquo;acc\u00e8s \u00e0 la plage de Playa del Carmen est adapt\u00e9 aux personnes \u00e0 mobilit\u00e9 r\u00e9duite gr\u00e2ce \u00e0 des passerelles en bois.<\/p>\n<p>[\/et_pb_accordion_item][et_pb_accordion_item title=\u00a0\u00bbQuels sont les matelas des lits ?\u00a0\u00bb _builder_version=\u00a0\u00bb4.25.1&Prime; _module_preset=\u00a0\u00bbdefault\u00a0\u00bb body_font=\u00a0\u00bbSarabun|500|||||||\u00a0\u00bb body_text_align=\u00a0\u00bbcenter\u00a0\u00bb body_text_color=\u00a0\u00bb#000000&Prime; body_font_size=\u00a0\u00bb18px\u00a0\u00bb global_colors_info=\u00a0\u00bb{}\u00a0\u00bb toggle_text_color=\u00a0\u00bb#02002c\u00a0\u00bb toggle_font=\u00a0\u00bbSarabun|700|||||||\u00a0\u00bb toggle_text_align=\u00a0\u00bbcenter\u00a0\u00bb toggle_font_size=\u00a0\u00bb21px\u00a0\u00bb toggle_font_size_tablet=\u00a0\u00bb28px\u00a0\u00bb toggle_font_size_phone=\u00a0\u00bb22px\u00a0\u00bb toggle_font_size_last_edited=\u00a0\u00bbon|phone\u00a0\u00bb open=\u00a0\u00bboff\u00a0\u00bb]<\/p>\n<p>Tous nos lits sont \u00e9quip\u00e9s de matelas \u00e0 ressorts et visco\u00e9lastiques d&rsquo;une hauteur de 28 cm.<\/p>\n<p>[\/et_pb_accordion_item][et_pb_accordion_item title=\u00a0\u00bbY a-t-il des supermarch\u00e9s \u00e0 proximit\u00e9 ?\u00a0\u00bb _builder_version=\u00a0\u00bb4.25.1&Prime; _module_preset=\u00a0\u00bbdefault\u00a0\u00bb body_font=\u00a0\u00bbSarabun|500|||||||\u00a0\u00bb body_text_align=\u00a0\u00bbcenter\u00a0\u00bb body_text_color=\u00a0\u00bb#000000&Prime; body_font_size=\u00a0\u00bb18px\u00a0\u00bb global_colors_info=\u00a0\u00bb{}\u00a0\u00bb toggle_text_color=\u00a0\u00bb#02002c\u00a0\u00bb toggle_font=\u00a0\u00bbSarabun|700|||||||\u00a0\u00bb toggle_text_align=\u00a0\u00bbcenter\u00a0\u00bb toggle_font_size=\u00a0\u00bb21px\u00a0\u00bb toggle_font_size_tablet=\u00a0\u00bb28px\u00a0\u00bb toggle_font_size_phone=\u00a0\u00bb22px\u00a0\u00bb toggle_font_size_last_edited=\u00a0\u00bbon|phone\u00a0\u00bb open=\u00a0\u00bboff\u00a0\u00bb]<\/p>\n<p>Vous trouverez un Mercadona \u00e0 seulement 30 secondes.<\/p>\n<p>[\/et_pb_accordion_item][et_pb_accordion_item title=\u00a0\u00bb Que est-ce qui se trouve \u00e0 proximit\u00e9 ?\u00a0\u00bb _builder_version=\u00a0\u00bb4.25.1&Prime; _module_preset=\u00a0\u00bbdefault\u00a0\u00bb body_font=\u00a0\u00bbSarabun|500|||||||\u00a0\u00bb body_text_align=\u00a0\u00bbcenter\u00a0\u00bb body_text_color=\u00a0\u00bb#000000&Prime; body_font_size=\u00a0\u00bb18px\u00a0\u00bb global_colors_info=\u00a0\u00bb{}\u00a0\u00bb toggle_text_color=\u00a0\u00bb#02002c\u00a0\u00bb toggle_font=\u00a0\u00bbSarabun|700|||||||\u00a0\u00bb toggle_text_align=\u00a0\u00bbcenter\u00a0\u00bb toggle_font_size=\u00a0\u00bb21px\u00a0\u00bb toggle_font_size_tablet=\u00a0\u00bb28px\u00a0\u00bb toggle_font_size_phone=\u00a0\u00bb22px\u00a0\u00bb toggle_font_size_last_edited=\u00a0\u00bbon|phone\u00a0\u00bb open=\u00a0\u00bboff\u00a0\u00bb]Consultez la section <a class=\"colorenlace\" title=\"D\u00e9couvrir Barbate\" href=\"https:\/\/arehapartamentos.com\/fr\/decouvrir-barbate\/\"><strong>D\u00e9couvrez Barbate<\/strong><\/a> et voyez ce que vous pouvez faire.[\/et_pb_accordion_item][\/et_pb_accordion][\/et_pb_column][\/et_pb_row][\/et_pb_section]<\/p>\n","protected":false},"excerpt":{"rendered":"<p>Questions fr\u00e9quemment pos\u00e9esEn basse saison 1 nuit, 5 nuits en haute saison et moyenne saison, nous consulter.En seulement 2 minutes \u00e0 pied, vous pourrez vous d\u00e9tendre sur la serviette.L&rsquo;acc\u00e8s \u00e0 la plage de Playa del Carmen est adapt\u00e9 aux personnes \u00e0 mobilit\u00e9 r\u00e9duite gr\u00e2ce \u00e0 des passerelles en bois.Tous nos lits sont \u00e9quip\u00e9s de matelas [&hellip;]<\/p>\n","protected":false},"author":1,"featured_media":0,"parent":0,"menu_order":0,"comment_status":"closed","ping_status":"closed","template":"","meta":{"_et_pb_use_builder":"on","_et_pb_old_content":"","_et_gb_content_width":"","footnotes":""},"class_list":["post-9516","page","type-page","status-publish","hentry"],"_links":{"self":[{"href":"https:\/\/arehapartamentos.com\/fr\/wp-json\/wp\/v2\/pages\/9516","targetHints":{"allow":["GET"]}}],"collection":[{"href":"https:\/\/arehapartamentos.com\/fr\/wp-json\/wp\/v2\/pages"}],"about":[{"href":"https:\/\/arehapartamentos.com\/fr\/wp-json\/wp\/v2\/types\/page"}],"author":[{"embeddable":true,"href":"https:\/\/arehapartamentos.com\/fr\/wp-json\/wp\/v2\/users\/1"}],"replies":[{"embeddable":true,"href":"https:\/\/arehapartamentos.com\/fr\/wp-json\/wp\/v2\/comments?post=9516"}],"version-history":[{"count":0,"href":"https:\/\/arehapartamentos.com\/fr\/wp-json\/wp\/v2\/pages\/9516\/revisions"}],"wp:attachment":[{"href":"https:\/\/arehapartamentos.com\/fr\/wp-json\/wp\/v2\/media?parent=9516"}],"curies":[{"name":"wp","href":"https:\/\/api.w.org\/{rel}","templated":true}]}}