{"id":9541,"date":"2020-03-06T08:16:51","date_gmt":"2020-03-06T07:16:51","guid":{"rendered":"https:\/\/arehapartamentos.com\/avis-juridique\/"},"modified":"2026-03-10T18:45:08","modified_gmt":"2026-03-10T17:45:08","slug":"avis-juridique","status":"publish","type":"page","link":"https:\/\/arehapartamentos.com\/fr\/avis-juridique\/","title":{"rendered":"Avis juridique"},"content":{"rendered":"<p>[et_pb_section fb_built=\u00a0\u00bb1&Prime; admin_label=\u00a0\u00bbBreadcrumbs\u00a0\u00bb module_id=\u00a0\u00bbbreadcrumbs\u00a0\u00bb _builder_version=\u00a0\u00bb4.23.4&Prime; background_color=\u00a0\u00bb#cccccc\u00a0\u00bb background_enable_color=\u00a0\u00bboff\u00a0\u00bb custom_padding=\u00a0\u00bb||0px||false|false\u00a0\u00bb global_module=\u00a0\u00bb3246&Prime; saved_tabs=\u00a0\u00bball\u00a0\u00bb locked=\u00a0\u00bboff\u00a0\u00bb collapsed=\u00a0\u00bbon\u00a0\u00bb global_colors_info=\u00a0\u00bb{}\u00a0\u00bb][et_pb_row _builder_version=\u00a0\u00bb4.16&Prime; custom_padding=\u00a0\u00bb10px||10px||false|false\u00a0\u00bb global_colors_info=\u00a0\u00bb{}\u00a0\u00bb][et_pb_column type=\u00a0\u00bb4_4&Prime; _builder_version=\u00a0\u00bb4.16&Prime; global_colors_info=\u00a0\u00bb{}\u00a0\u00bb][et_pb_code _builder_version=\u00a0\u00bb4.23.4&Prime; text_orientation=\u00a0\u00bbcenter\u00a0\u00bb locked=\u00a0\u00bboff\u00a0\u00bb global_colors_info=\u00a0\u00bb{}\u00a0\u00bb]<nav aria-label=\"breadcrumbs\" class=\"rank-math-breadcrumb\"><p><span class=\"last\">Areh Apartamentos<\/span><\/p><\/nav>[\/et_pb_code][\/et_pb_column][\/et_pb_row][\/et_pb_section][et_pb_section fb_built=\u00a0\u00bb1&Prime; module_class=\u00a0\u00bbseccion\u00a0\u00bb _builder_version=\u00a0\u00bb4.23.4&Prime; vertical_offset_tablet=\u00a0\u00bb0&Prime; horizontal_offset_tablet=\u00a0\u00bb0&Prime; custom_padding=\u00a0\u00bb||0px||false|false\u00a0\u00bb z_index_tablet=\u00a0\u00bb0&Prime; box_shadow_horizontal_tablet=\u00a0\u00bb0px\u00a0\u00bb box_shadow_vertical_tablet=\u00a0\u00bb0px\u00a0\u00bb box_shadow_blur_tablet=\u00a0\u00bb40px\u00a0\u00bb box_shadow_spread_tablet=\u00a0\u00bb0px\u00a0\u00bb global_colors_info=\u00a0\u00bb{}\u00a0\u00bb][et_pb_row _builder_version=\u00a0\u00bb4.23.4&Prime; background_size=\u00a0\u00bbinitial\u00a0\u00bb background_position=\u00a0\u00bbtop_left\u00a0\u00bb background_repeat=\u00a0\u00bbrepeat\u00a0\u00bb custom_padding=\u00a0\u00bb||0px||false|false\u00a0\u00bb global_colors_info=\u00a0\u00bb{}\u00a0\u00bb][et_pb_column type=\u00a0\u00bb4_4&Prime; _builder_version=\u00a0\u00bb4.16&Prime; custom_padding=\u00a0\u00bb|||\u00a0\u00bb global_colors_info=\u00a0\u00bb{}\u00a0\u00bb custom_padding__hover=\u00a0\u00bb|||\u00a0\u00bb][et_pb_post_title meta=\u00a0\u00bboff\u00a0\u00bb featured_image=\u00a0\u00bboff\u00a0\u00bb module_class=\u00a0\u00bbtitulo-pagina\u00a0\u00bb _builder_version=\u00a0\u00bb4.23.4&Prime; title_font=\u00a0\u00bbSarabun|700|||||||\u00a0\u00bb title_text_color=\u00a0\u00bb#02002c\u00a0\u00bb title_font_size=\u00a0\u00bb42px\u00a0\u00bb vertical_offset_tablet=\u00a0\u00bb0&Prime; horizontal_offset_tablet=\u00a0\u00bb0&Prime; text_orientation=\u00a0\u00bbcenter\u00a0\u00bb z_index_tablet=\u00a0\u00bb0&Prime; title_text_shadow_horizontal_length_tablet=\u00a0\u00bb0px\u00a0\u00bb title_text_shadow_vertical_length_tablet=\u00a0\u00bb0px\u00a0\u00bb title_text_shadow_blur_strength_tablet=\u00a0\u00bb1px\u00a0\u00bb meta_text_shadow_horizontal_length_tablet=\u00a0\u00bb0px\u00a0\u00bb meta_text_shadow_vertical_length_tablet=\u00a0\u00bb0px\u00a0\u00bb meta_text_shadow_blur_strength_tablet=\u00a0\u00bb1px\u00a0\u00bb box_shadow_horizontal_tablet=\u00a0\u00bb0px\u00a0\u00bb box_shadow_vertical_tablet=\u00a0\u00bb0px\u00a0\u00bb box_shadow_blur_tablet=\u00a0\u00bb40px\u00a0\u00bb box_shadow_spread_tablet=\u00a0\u00bb0px\u00a0\u00bb text_shadow_horizontal_length_tablet=\u00a0\u00bb0px\u00a0\u00bb text_shadow_vertical_length_tablet=\u00a0\u00bb0px\u00a0\u00bb text_shadow_blur_strength_tablet=\u00a0\u00bb1px\u00a0\u00bb global_colors_info=\u00a0\u00bb{}\u00a0\u00bb][\/et_pb_post_title][\/et_pb_column][\/et_pb_row][\/et_pb_section][et_pb_section fb_built=\u00a0\u00bb1&Prime; module_class=\u00a0\u00bbseccion seccion-pagina contenido\u00a0\u00bb _builder_version=\u00a0\u00bb4.16&Prime; vertical_offset_tablet=\u00a0\u00bb0&Prime; horizontal_offset_tablet=\u00a0\u00bb0&Prime; z_index_tablet=\u00a0\u00bb0&Prime; box_shadow_horizontal_tablet=\u00a0\u00bb0px\u00a0\u00bb box_shadow_vertical_tablet=\u00a0\u00bb0px\u00a0\u00bb box_shadow_blur_tablet=\u00a0\u00bb40px\u00a0\u00bb box_shadow_spread_tablet=\u00a0\u00bb0px\u00a0\u00bb global_colors_info=\u00a0\u00bb{}\u00a0\u00bb][et_pb_row _builder_version=\u00a0\u00bb4.16&Prime; background_size=\u00a0\u00bbinitial\u00a0\u00bb background_position=\u00a0\u00bbtop_left\u00a0\u00bb background_repeat=\u00a0\u00bbrepeat\u00a0\u00bb global_colors_info=\u00a0\u00bb{}\u00a0\u00bb][et_pb_column type=\u00a0\u00bb4_4&Prime; _builder_version=\u00a0\u00bb4.16&Prime; custom_padding=\u00a0\u00bb|||\u00a0\u00bb global_colors_info=\u00a0\u00bb{}\u00a0\u00bb custom_padding__hover=\u00a0\u00bb|||\u00a0\u00bb][et_pb_text _builder_version=\u00a0\u00bb4.23.4&Prime; background_size=\u00a0\u00bbinitial\u00a0\u00bb background_position=\u00a0\u00bbtop_left\u00a0\u00bb background_repeat=\u00a0\u00bbrepeat\u00a0\u00bb global_colors_info=\u00a0\u00bb{}\u00a0\u00bb]<\/p>\n<p style=\"text-align: center;\">\n<p><strong>AVIS L\u00c9GAL ET CONDITIONS G\u00c9N\u00c9RALES D&rsquo;UTILISATION DU SITE WEB<\/strong><\/p>\n<p><strong> <\/strong><\/p>\n<p><strong><\/strong><\/p>\n<ol>\n<li style=\"text-align: center;\"><strong> <\/strong><strong>OBJET ET CHAMP D&rsquo;APPLICATION DES CONDITIONS D&rsquo;UTILISATION DU SITE WEB<\/strong><\/li>\n<\/ol>\n<p>Les pr\u00e9sentes Conditions ont pour objet de r\u00e9guler l&rsquo;acc\u00e8s gratuit aux contenus du site web www.arehapartamentos.com, propri\u00e9t\u00e9 de REND\u00d3N E HIJOS, S.L. (ci-apr\u00e8s et tout au long du site d\u00e9nomm\u00e9 AREH APARTAMENTOS), par l&rsquo;Utilisateur via le Site Web. Le site web www.arehapartamentos.com (ci-apr\u00e8s le \u00ab Portail \u00bb ou \u00ab Site Web \u00bb) est exclusivement r\u00e9gi par la l\u00e9gislation espagnole en vigueur, \u00e0 laquelle sont soumis aussi bien les ressortissants espagnols que les \u00e9trangers utilisant ce site web.<\/p>\n<ol start=\"2\">\n<li style=\"text-align: center;\"><strong> <\/strong><strong>TITULAIRE DU SITE WEB ET MOYENS DE CONTACT<\/strong><\/li>\n<\/ol>\n<p style=\"text-align: center;\">\n<p>En conformit\u00e9 avec la Loi 34\/2002 du 11 juillet sur les services de la soci\u00e9t\u00e9 de l&rsquo;information et le commerce \u00e9lectronique (Espagne), nous vous informons que ce Site Web est la propri\u00e9t\u00e9 de REND\u00d3N E HIJOS, S.L., dont les donn\u00e9es d&rsquo;identification sont les suivantes :<\/p>\n<ul>\n<li>D\u00e9nomination sociale : REND\u00d3N E HIJOS, S.L., ci-apr\u00e8s AREH APARTAMENTOS.<\/li>\n<li>NIF : B11476199.<\/li>\n<li>Si\u00e8ge social : C\/ ANCHA, 63 &#8211; 11160 BARBATE (C\u00c1DIZ), Espagne.<\/li>\n<li>Inscrite au Registre du commerce de C\u00e1diz\u00b7 Tome 1362\u00b7 Folio 126 SECCI\u00d3N 8\u00ba \u00b7 Feuille n\u00b0 CA\/18004 BIS premi\u00e9re inscription<\/li>\n<\/ul>\n<p>Nos appartements sont d\u00fbment inscrits au Registre des \u00e9tablissements et services touristiques de la Junte d&rsquo;Andalousie sous le num\u00e9ro d&rsquo;inscription A\/CA\/002012.<\/p>\n<p>Pour communiquer avec nous, les moyens de contact suivants sont \u00e0 votre disposition :<\/p>\n<p style=\"text-align: center;\">T\u00e9l\u00e9phone: 956433703<\/p>\n<p style=\"text-align: center;\">Email: info@arehapartamentos.com.<\/p>\n<p>Toutes les notifications et communications entre les utilisateurs et AREH APARTAMENTOS seront consid\u00e9r\u00e9es comme valides, \u00e0 tous \u00e9gards, lorsqu&rsquo;elles sont effectu\u00e9es par l&rsquo;un quelconque des moyens pr\u00e9cit\u00e9s ci-dessus.<\/p>\n<p>&nbsp;<\/p>\n<ol start=\"3\">\n<li style=\"text-align: center;\"><strong> <\/strong><strong>ACCEPTATION, DISPONIBILIT\u00c9 ET MODIFICATIONS DES CONDITIONS D&rsquo;UTILISATION DU SITE WEB<\/strong><\/li>\n<\/ol>\n<p><strong>\u00a0<\/strong><\/p>\n<p>L&rsquo;Utilisateur s&rsquo;engage \u00e0 lire et accepte express\u00e9ment les pr\u00e9sentes Conditions d&rsquo;utilisation du Site Web, dans la version publi\u00e9e par AREH APARTAMENTOS au moment o\u00f9 l&rsquo;Utilisateur acc\u00e8de aux contenus diffus\u00e9s, les Conditions lui \u00e9tant toujours mises \u00e0 disposition et pouvant \u00eatre stock\u00e9es et\/ou reproduites. Ainsi, AREH APARTAMENTOS pourra modifier les pr\u00e9sentes Conditions d\u00e8s lors qu&rsquo;il existe une cause ou un motif suffisant, sans que cela puisse affecter les contenus diffus\u00e9s<\/p>\n<ol start=\"4\">\n<li style=\"text-align: center;\"><strong> <\/strong><strong>NORMES APPLICABLES<\/strong><\/li>\n<\/ol>\n<p>Le pr\u00e9sent Avis l\u00e9gal est soumis aux dispositions de la Loi organique 3\/2018 sur la protection des donn\u00e9es personnelles et la garantie des droits num\u00e9riques, du R\u00e8glement UE 2016\/679 relatif \u00e0 la protection des personnes physiques \u00e0 l&rsquo;\u00e9gard du traitement des donn\u00e9es \u00e0 caract\u00e8re personnel, ainsi qu&rsquo;\u00e0 la Loi 34\/2002 du 11 juillet sur les services de la soci\u00e9t\u00e9 de l&rsquo;information et le commerce \u00e9lectronique.<\/p>\n<p>L&rsquo;acc\u00e8s au Site Web propri\u00e9t\u00e9 de AREH APARTAMENTOS ainsi que l&rsquo;utilisation qui peut en \u00eatre faite de l&rsquo;information et des contenus qu&rsquo;il contient sont de la seule responsabilit\u00e9 de celui qui les effectue. Les conditions d&rsquo;acc\u00e8s au Site Web sont subordonn\u00e9es \u00e0 la l\u00e9gislation en vigueur et aux principes de bonne foi et d&rsquo;usage licite de la part de l&rsquo;Utilisateur, \u00e9tant g\u00e9n\u00e9ralement interdit tout type d&rsquo;action pr\u00e9judiciable au Titulaire. L&rsquo;utilisation du Site Web \u00e0 des fins illicites ou non autoris\u00e9es est formellement prohib\u00e9e.<\/p>\n<ol start=\"5\">\n<li style=\"text-align: center;\"><strong> <\/strong><strong>CONDITIONS D&rsquo;ACC\u00c8S AU SITE WEB ET UTILISATION DES PRODUITS ET SERVICES<\/strong><\/li>\n<\/ol>\n<p>L&rsquo;acc\u00e8s au Site Web d&rsquo;AREH APARTAMENTOS est gratuit et les achats ne peuvent \u00eatre effectu\u00e9s que par des personnes majeures. En tant qu&rsquo;Utilisateur, vous vous engagez \u00e0 :<\/p>\n<ul>\n<li>Ne pas falsifier votre identit\u00e9 ou votre date de naissance pour acc\u00e9der au site.<\/li>\n<li>Ne pas utiliser aucun des contenus mis \u00e0 disposition par AREH APARTAMENTOS \u00e0 des fins illicites.<\/li>\n<li>Ne pas r\u00e9aliser toute activit\u00e9 susceptible d&rsquo;endommager, de surcharger, de d\u00e9t\u00e9riorer ou d&#8217;emp\u00eacher le fonctionnement normal du Site Web.<\/li>\n<li>Ne pas obtenir les contenus fournis sur le Site Web par des moyens illicites, frauduleux, de vol ou de plagiat, conform\u00e9ment aux dispositions du Code p\u00e9nal et de la r\u00e9glementation applicable.<\/li>\n<\/ul>\n<p>&nbsp;<\/p>\n<p>Dans l&rsquo;hypoth\u00e8se o\u00f9 l&rsquo;Utilisateur causerait des dommages \u00e0 des tiers par l&rsquo;utilisation de tout contenu fourni via le Site Web, il exon\u00e8re express\u00e9ment AREH APARTAMENTOS de toute responsabilit\u00e9 qui pourrait lui \u00eatre imput\u00e9e. \u00c0 cet effet, l&rsquo;Utilisateur assume l&rsquo;enti\u00e8re responsabilit\u00e9 qui pourrait en d\u00e9couler.<\/p>\n<p>AREH APARTAMENTOS, aux fins de garantir les droits en conformit\u00e9 avec les pr\u00e9sentes Conditions et le respect de la l\u00e9gislation en vigueur, pourra :<\/p>\n<ul>\n<li>Proc\u00e9der \u00e0 la surveillance du Site Web par l&rsquo;interm\u00e9diaire de ses administrateurs, dans le respect du secret des communications et de la vie priv\u00e9e de l&rsquo;Utilisateur et, en particulier, adopter toutes les mesures n\u00e9cessaires afin qu&rsquo;en cas de d\u00e9couverte de falsification d&rsquo;identit\u00e9 par un mineur, la situation soit port\u00e9e, le cas \u00e9ch\u00e9ant, \u00e0 la connaissance de ses parents ou tuteurs l\u00e9gaux.<\/li>\n<li>Interrompre temporairement le service sans pr\u00e9avis pour des raisons technologiques ou l\u00e9gales d\u00fbment motiv\u00e9es.<\/li>\n<li>Modifier les Conditions d&rsquo;utilisation des contenus lorsqu&rsquo;il existe une cause ou un motif suffisant, ou lorsque des raisons technologiques ou l\u00e9gales le conseillent.<\/li>\n<li>Modifier les contenus du Site Web sans notification pr\u00e9alable, lorsque des raisons li\u00e9es \u00e0 son activit\u00e9 le justifient.<\/li>\n<li>Interdire l&rsquo;acc\u00e8s aux contenus, sans pr\u00e9avis, \u00e0 tout Utilisateur qui contreviendrait aux dispositions des pr\u00e9sentes Conditions.<\/li>\n<\/ul>\n<ol start=\"6\">\n<li style=\"text-align: center;\"><strong> <\/strong><strong>RESPONSABILIT\u00c9S DES PARTIES<\/strong><\/li>\n<\/ol>\n<p><u>Responsabilit\u00e9 d&rsquo;AREH APARTAMENTOS :<\/u><\/p>\n<ul>\n<li>AREH APARTAMENTOS\u00a0ne sera responsable que des dommages que l&rsquo;Utilisateur pourrait subir du fait de l&rsquo;acc\u00e8s au Site Web lorsque ces dommages sont imputables \u00e0 une faute dolosive de l&rsquo;entreprise.<\/li>\n<li>Il ne sera pas non plus responsable des dommages caus\u00e9s \u00e0 l&rsquo;Utilisateur en cas d&rsquo;impossibilit\u00e9 de fournir le service pour des cas de force majeure, faits impr\u00e9visibles ou autres causes non imputables \u00e0\u00a0AREH APARTAMENTOS.<\/li>\n<li>AREH APARTAMENTOS\u00a0n&rsquo;assumera pas non plus la responsabilit\u00e9 du mauvais fonctionnement du Site Web si celui-ci r\u00e9sulte d&rsquo;op\u00e9rations de maintenance, d&rsquo;incidents techniques, d&rsquo;un dysfonctionnement du terminal de l&rsquo;Utilisateur ou de sa capacit\u00e9 insuffisante \u00e0 supporter les syst\u00e8mes indispensables \u00e0 l&rsquo;utilisation du service.<\/li>\n<li>AREH APARTAMENTOS\u00a0adoptera les mesures appropri\u00e9es pour assurer une r\u00e9ponse rapide, sans \u00eatre responsable des retards dus aux services de t\u00e9l\u00e9communications<\/li>\n<\/ul>\n<p><u>Responsabilit\u00e9 de l&rsquo;Utilisateur :<\/u><\/p>\n<ul>\n<li>L&rsquo;Utilisateur sera le seul responsable des cons\u00e9quences d\u00e9coulant de la communication de donn\u00e9es inexactes (y compris l&rsquo;\u00e2ge), ainsi que de donn\u00e9es appartenant \u00e0 des tiers.<\/li>\n<li>En cas de non-respect par l&rsquo;Utilisateur de ses obligations,\u00a0AREH APARTAMENTOS\u00a0se r\u00e9serve les actions en justice appropri\u00e9es, ainsi que le droit de restreindre l&rsquo;acc\u00e8s aux contenus diffus\u00e9s<\/li>\n<\/ul>\n<p>&nbsp;<\/p>\n<ol start=\"7\">\n<li style=\"text-align: center;\"><strong> <\/strong><strong>LIMITATION DE RESPONSABILIT\u00c9<\/strong><\/li>\n<\/ol>\n<p>&nbsp;<\/p>\n<p>AREH APARTAMENTOS s&rsquo;efforce de veiller \u00e0 ce que l&rsquo;information figurant sur le Site Web soit correcte et \u00e0 jour.<\/p>\n<p>L&rsquo;Utilisateur exon\u00e8re AREH APARTAMENTOS de toute responsabilit\u00e9 pouvant d\u00e9couler des interruptions de disponibilit\u00e9 d&rsquo;acc\u00e8s aux contenus dues \u00e0 des cas de force majeure ou \u00e0 des causes hors de son contr\u00f4le, telles que le modem, le syst\u00e8me informatique de l&rsquo;Utilisateur, le logiciel de navigation, les virus, l&rsquo;interconnexion des r\u00e9seaux t\u00e9l\u00e9phoniques et \u00e9lectriques, la ligne ADSL, la fibre optique, RDSI et\/ou toute autre infrastructure de transport ou de t\u00e9l\u00e9communications utilis\u00e9e par l&rsquo;Utilisateur.<\/p>\n<p>AREH APARTAMENTOS ne sera pas responsable des dommages ou pr\u00e9judices que pourraient causer \u00e0 l&rsquo;Utilisateur les contenus propri\u00e9t\u00e9 de tiers. Les risques d\u00e9coulant de l&rsquo;acc\u00e8s \u00e0 des contenus propri\u00e9t\u00e9 de tiers incombent exclusivement \u00e0 l&rsquo;Utilisateur, qui devra se conformer aux termes et Conditions de ces derniers, dont AREH APARTAMENTOS ne se porte pas garant.<\/p>\n<p>Si un utilisateur ou un tiers estime qu&rsquo;il existe des faits ou circonstances r\u00e9v\u00e9lant le caract\u00e8re illicite de l&rsquo;utilisation de tout contenu et\/ou de toute activit\u00e9 sur les pages web incluses ou accessibles via le site web, il est tenu d&rsquo;en notifier AREH APARTAMENTOS en s&rsquo;identifiant d\u00fbment et en pr\u00e9cisant les pr\u00e9tendues infractions.<\/p>\n<ol start=\"8\">\n<li style=\"text-align: center;\"><strong> <\/strong><strong>PROPRI\u00c9T\u00c9 INTELLECTUELLE ET INDUSTRIELLE<\/strong><\/li>\n<\/ol>\n<p>&nbsp;<\/p>\n<p>Les droits de propri\u00e9t\u00e9 intellectuelle de ce Site Web, son code source, son design, ses structures de navigation et les diff\u00e9rents \u00e9l\u00e9ments qu&rsquo;il contient sont la propri\u00e9t\u00e9 exclusive de AREH APARTAMENTOS qui d\u00e9tient l&rsquo;exercice des droits d&rsquo;exploitation sous toute forme et, en particulier, les droits de reproduction, de distribution, de communication publique et de transformation, conform\u00e9ment \u00e0 la l\u00e9gislation espagnole et de l&rsquo;Union europ\u00e9enne applicable.<\/p>\n<p>Toute reproduction totale ou partielle des contenus de ce Site Web sans le consentement expr\u00e8s et \u00e9crit du Titulaire est totalement prohib\u00e9e.<\/p>\n<p>L&rsquo;utilisation non autoris\u00e9e de ces contenus par toute autre personne ou entreprise entra\u00eenera les responsabilit\u00e9s l\u00e9galement \u00e9tablies.<\/p>\n<p>AREH APARTAMENTOS peut afficher des services ou produits portant les Marques d\u00e9pos\u00e9es et les signes distinctifs commerciaux indiqu\u00e9s sur son Site Web. AREH APARTAMENTOS est le propri\u00e9taire l\u00e9gitime de ses Marques d\u00e9pos\u00e9es et de son mat\u00e9riel promotionnel.<\/p>\n<p>Toute forme d&rsquo;exploitation, y compris la reproduction, la distribution, la cession \u00e0 des tiers, la communication publique et la transformation, par tout type de support et moyen, des \u0153uvres, cr\u00e9ations et signes distinctifs pr\u00e9cit\u00e9s est interdite sans autorisation pr\u00e9alable et expresse de leurs titulaires respectifs.<\/p>\n<p>La violation de cette interdiction peut constituer une infraction passible de sanctions conform\u00e9ment \u00e0 la l\u00e9gislation en vigueur.<\/p>\n<p>Il est interdit, sauf autorisation expresse d&rsquo;AREH APARTAMENTOS, de pr\u00e9senter ce Site Web ou l&rsquo;information qu&rsquo;il contient sous frames ou cadres, signes distinctifs, marques ou d\u00e9nominations sociales ou commerciales d&rsquo;une autre personne, entreprise ou entit\u00e9, y compris le contenu photographique consid\u00e9r\u00e9 comme la propri\u00e9t\u00e9 exclusive du Titulaire.<\/p>\n<p>La violation de l&rsquo;un quelconque des droits pr\u00e9cit\u00e9s peut constituer une infraction aux pr\u00e9sentes Conditions g\u00e9n\u00e9rales d&rsquo;utilisation, ainsi qu&rsquo;un d\u00e9lit puni conform\u00e9ment aux articles 270 et suivants du Code p\u00e9nal espagnol..<\/p>\n<ol start=\"9\">\n<li style=\"text-align: center;\"><strong> <\/strong><strong>L\u00c9GISLATION ET JURIDICTION APPLICABLES<\/strong><\/li>\n<\/ol>\n<p>Les pr\u00e9sentes conditions sont r\u00e9gies par la l\u00e9gislation espagnole en vigueur qui leur est applicable.Pour la r\u00e9solution de tout litige susceptible de d\u00e9couler des dispositions des pr\u00e9sentes Conditions, et sous renonciation expresse \u00e0 tout autre for qui pourrait lui correspondre, l&rsquo;Utilisateur accepte de se soumettre \u00e0 la comp\u00e9tence des Juzgados y Tribunales de BARBATE, \u00e0 l&rsquo;exception des questions d\u00e9coulant du contrat de vente en ligne lui-m\u00eame, qui seront soumises au for du domicile de l&rsquo;acheteur.<\/p>\n<p>Conform\u00e9ment \u00e0 l&rsquo;article 2 du R\u00e8glement (UE) 2024\/3228 du Parlement europ\u00e9en et du Conseil du 19 d\u00e9cembre 2024 par lequel est abrog\u00e9 le R\u00e8glement (UE) n\u00b0 524\/2013 et sont modifi\u00e9s les R\u00e8glements (UE) 2017\/2394 et (UE) 2018\/1724 en ce qui concerne la suppression de la plateforme europ\u00e9enne de r\u00e8glement en ligne des litiges, la plateforme europ\u00e9enne de r\u00e8glement en ligne des litiges (ci-apr\u00e8s \u00ab plateforme RLL \u00bb) est supprim\u00e9e et, par cons\u00e9quent, aucune r\u00e9clamation ne pourra plus \u00eatre pr\u00e9sent\u00e9e via la plateforme RLL \u00e0 compter du 20 mars 2025.<\/p>\n<p>Suite \u00e0 cette fermeture, les consommateurs et utilisateurs peuvent recourir aux m\u00e9canismes nationaux de r\u00e9solution alternative des conflits disponibles en Espagne:<\/p>\n<ul>\n<li>Juntes arbitrales de consommation : syst\u00e8mes publics de r\u00e9solution extrajudiciaire des conflits de consommation. Plus d&rsquo;informations : <a href=\"https:\/\/www.dsca.gob.es\/es\/consumo\/como-reclamar-conflicto-consumo\/sistema-arbitral-consumo\/organos\/juntasArbitrales\" target=\"_blank\" rel=\"noopener\">https:\/\/www.dsca.gob.es\/es\/consumo\/como-reclamar-conflicto-consumo\/sistema-arbitral-consumo\/organos\/juntasArbitrales<\/a><\/li>\n<li>R\u00e9seau des Centres europ\u00e9ens des consommateurs (RED CEC) pour les litiges transfrontaliers : https:\/\/commission.europa.eu\/live-work-travel-eu\/consumer-rights-and-complaints\/resolve-your-consumer-complaint\/european-consumer-centres-network-ecc-net_en<\/li>\n<li>Liste compl\u00e8te des entit\u00e9s accr\u00e9dit\u00e9es via le point de contact national pour la r\u00e9solution alternative des litiges du Minist\u00e8re de la Consommation : <a href=\"https:\/\/www.dsca.gob.es\/es\/consumo\/resoluci-n-alternativa-de-conflictos\/listado-entidades-notificadas-comision-europea-autoridades-competentes-espana\" target=\"_blank\" rel=\"noopener\">https:\/\/www.dsca.gob.es\/es\/consumo\/resoluci-n-alternativa-de-conflictos\/listado-entidades-notificadas-comision-europea-autoridades-competentes-espana<\/a><\/li>\n<li>Portail du Minist\u00e8re de la Consommation (proc\u00e9dures et formalit\u00e9s relatives \u00e0 la consommation) : <a href=\"https:\/\/consumo.sede.gob.es\" target=\"_blank\" rel=\"noopener\">https:\/\/consumo.sede.gob.es<\/a><\/li>\n<\/ul>\n<p>Dans tous les cas, nous vous rappelons que vous pouvez nous contacter pour r\u00e9soudre tout incident via nos moyens de contact.<\/p>\n<ol start=\"10\">\n<li style=\"text-align: center;\"><strong> <\/strong><strong>NULLIT\u00c9 ET INEFFICACIT\u00c9 DES CLAUSES<\/strong><\/li>\n<\/ol>\n<p style=\"text-align: center;\">Si une clause quelconque incluse dans les pr\u00e9sentes Conditions \u00e9tait d\u00e9clar\u00e9e totalement ou partiellement nulle ou inefficace, cette nullit\u00e9 n&rsquo;affectera que ladite disposition ou la partie nulle ou inefficace, les Conditions demeurant pleinement en vigueur pour le reste.<\/p>\n<p>[\/et_pb_text][\/et_pb_column][\/et_pb_row][\/et_pb_section]<\/p>\n","protected":false},"excerpt":{"rendered":"<p><nav aria-label=\"breadcrumbs\" class=\"rank-math-breadcrumb\"><p><span class=\"last\">Areh Apartamentos<\/span><\/p><\/nav> AVIS L\u00c9GAL ET CONDITIONS G\u00c9N\u00c9RALES D&rsquo;UTILISATION DU SITE WEB OBJET ET CHAMP D&rsquo;APPLICATION DES CONDITIONS D&rsquo;UTILISATION DU SITE WEB Les pr\u00e9sentes Conditions ont pour objet de r\u00e9guler l&rsquo;acc\u00e8s gratuit aux contenus du site web www.arehapartamentos.com, propri\u00e9t\u00e9 de REND\u00d3N E HIJOS, S.L. (ci-apr\u00e8s et tout au long du site d\u00e9nomm\u00e9 AREH APARTAMENTOS), par l&rsquo;Utilisateur via [&hellip;]<\/p>\n","protected":false},"author":1,"featured_media":0,"parent":0,"menu_order":0,"comment_status":"closed","ping_status":"closed","template":"","meta":{"_et_pb_use_builder":"on","_et_pb_old_content":"","_et_gb_content_width":"","footnotes":""},"class_list":["post-9541","page","type-page","status-publish","hentry"],"_links":{"self":[{"href":"https:\/\/arehapartamentos.com\/fr\/wp-json\/wp\/v2\/pages\/9541","targetHints":{"allow":["GET"]}}],"collection":[{"href":"https:\/\/arehapartamentos.com\/fr\/wp-json\/wp\/v2\/pages"}],"about":[{"href":"https:\/\/arehapartamentos.com\/fr\/wp-json\/wp\/v2\/types\/page"}],"author":[{"embeddable":true,"href":"https:\/\/arehapartamentos.com\/fr\/wp-json\/wp\/v2\/users\/1"}],"replies":[{"embeddable":true,"href":"https:\/\/arehapartamentos.com\/fr\/wp-json\/wp\/v2\/comments?post=9541"}],"version-history":[{"count":2,"href":"https:\/\/arehapartamentos.com\/fr\/wp-json\/wp\/v2\/pages\/9541\/revisions"}],"predecessor-version":[{"id":11807,"href":"https:\/\/arehapartamentos.com\/fr\/wp-json\/wp\/v2\/pages\/9541\/revisions\/11807"}],"wp:attachment":[{"href":"https:\/\/arehapartamentos.com\/fr\/wp-json\/wp\/v2\/media?parent=9541"}],"curies":[{"name":"wp","href":"https:\/\/api.w.org\/{rel}","templated":true}]}}