{"id":9546,"date":"2024-05-15T08:43:26","date_gmt":"2024-05-15T06:43:26","guid":{"rendered":"https:\/\/arehapartamentos.com\/lentreprise\/"},"modified":"2024-05-16T10:27:49","modified_gmt":"2024-05-16T08:27:49","slug":"lentreprise","status":"publish","type":"page","link":"https:\/\/arehapartamentos.com\/fr\/lentreprise\/","title":{"rendered":"L&rsquo;entreprise"},"content":{"rendered":"<p>[et_pb_section fb_built=\u00a0\u00bb1&Prime; _builder_version=\u00a0\u00bb4.25.1&Prime; _module_preset=\u00a0\u00bbdefault\u00a0\u00bb background_color=\u00a0\u00bbrgba(246,246,246,0.29)\u00a0\u00bb background_image=\u00a0\u00bbhttps:\/\/arehapartamentos.com\/wp-content\/uploads\/2024\/05\/WhatsApp-Image-2024-04-18-at-12.34.00.jpeg\u00a0\u00bb background_blend=\u00a0\u00bbsoft-light\u00a0\u00bb height=\u00a0\u00bb300px\u00a0\u00bb global_colors_info=\u00a0\u00bb{}\u00a0\u00bb][et_pb_row _builder_version=\u00a0\u00bb4.23.4&Prime; _module_preset=\u00a0\u00bbdefault\u00a0\u00bb custom_padding=\u00a0\u00bb5%||||false|false\u00a0\u00bb global_colors_info=\u00a0\u00bb{}\u00a0\u00bb][et_pb_column type=\u00a0\u00bb4_4&Prime; _builder_version=\u00a0\u00bb4.23.4&Prime; _module_preset=\u00a0\u00bbdefault\u00a0\u00bb global_colors_info=\u00a0\u00bb{}\u00a0\u00bb][et_pb_text module_class=\u00a0\u00bbtituloFAQ\u00a0\u00bb _builder_version=\u00a0\u00bb4.25.1&Prime; _module_preset=\u00a0\u00bbdefault\u00a0\u00bb header_font=\u00a0\u00bbSarabun|700|||||||\u00a0\u00bb header_text_align=\u00a0\u00bbcenter\u00a0\u00bb header_text_color=\u00a0\u00bb#02002c\u00a0\u00bb header_font_size=\u00a0\u00bb45px\u00a0\u00bb custom_padding_tablet=\u00a0\u00bb30px||||false|false\u00a0\u00bb custom_padding_phone=\u00a0\u00bb15%||||false|false\u00a0\u00bb custom_padding_last_edited=\u00a0\u00bbon|phone\u00a0\u00bb hover_enabled=\u00a0\u00bb0&Prime; header_font_size_tablet=\u00a0\u00bb45px\u00a0\u00bb header_font_size_phone=\u00a0\u00bb\u00a0\u00bb header_font_size_last_edited=\u00a0\u00bbon|phone\u00a0\u00bb global_colors_info=\u00a0\u00bb{}\u00a0\u00bb sticky_enabled=\u00a0\u00bb0&Prime;]<\/p>\n<h1>Areh Apartments | A propos de nous<\/h1>\n<p>[\/et_pb_text][\/et_pb_column][\/et_pb_row][\/et_pb_section][et_pb_section fb_built=\u00a0\u00bb1&Prime; _builder_version=\u00a0\u00bb4.23.4&Prime; _module_preset=\u00a0\u00bbdefault\u00a0\u00bb global_colors_info=\u00a0\u00bb{}\u00a0\u00bb][et_pb_row column_structure=\u00a0\u00bb1_2,1_2&Prime; _builder_version=\u00a0\u00bb4.25.1&Prime; _module_preset=\u00a0\u00bbdefault\u00a0\u00bb global_colors_info=\u00a0\u00bb{}\u00a0\u00bb][et_pb_column type=\u00a0\u00bb1_2&Prime; _builder_version=\u00a0\u00bb4.25.1&Prime; _module_preset=\u00a0\u00bbdefault\u00a0\u00bb global_colors_info=\u00a0\u00bb{}\u00a0\u00bb][et_pb_text _builder_version=\u00a0\u00bb4.25.1&Prime; _module_preset=\u00a0\u00bbdefault\u00a0\u00bb text_font=\u00a0\u00bbSarabun|700|||||||\u00a0\u00bb text_text_color=\u00a0\u00bb#000000&Prime; text_font_size=\u00a0\u00bb40px\u00a0\u00bb text_line_height=\u00a0\u00bb1em\u00a0\u00bb text_line_height_tablet=\u00a0\u00bb1.7em\u00a0\u00bb text_line_height_phone=\u00a0\u00bb1.7em\u00a0\u00bb text_line_height_last_edited=\u00a0\u00bbon|tablet\u00a0\u00bb text_orientation_tablet=\u00a0\u00bbcenter\u00a0\u00bb text_orientation_phone=\u00a0\u00bbcenter\u00a0\u00bb text_orientation_last_edited=\u00a0\u00bbon|tablet\u00a0\u00bb global_colors_info=\u00a0\u00bb{}\u00a0\u00bb]<\/p>\n<p>L&rsquo;entreprise<\/p>\n<p>[\/et_pb_text][et_pb_image src=\u00a0\u00bbhttps:\/\/arehapartamentos.com\/wp-content\/uploads\/2024\/05\/Puerta-Noche-1200pix-wide.jpg\u00a0\u00bb title_text=\u00a0\u00bbEntrance Areh Apartments\u00a0\u00bb align=\u00a0\u00bbcenter\u00a0\u00bb _builder_version=\u00a0\u00bb4.25.1&Prime; _module_preset=\u00a0\u00bbdefault\u00a0\u00bb global_colors_info=\u00a0\u00bb{}\u00a0\u00bb][\/et_pb_image][\/et_pb_column][et_pb_column type=\u00a0\u00bb1_2&Prime; _builder_version=\u00a0\u00bb4.25.1&Prime; _module_preset=\u00a0\u00bbdefault\u00a0\u00bb global_colors_info=\u00a0\u00bb{}\u00a0\u00bb][et_pb_text _builder_version=\u00a0\u00bb4.25.1&Prime; _module_preset=\u00a0\u00bbdefault\u00a0\u00bb text_font=\u00a0\u00bbSarabun|500|||||||\u00a0\u00bb text_text_color=\u00a0\u00bb#000000&Prime; text_font_size=\u00a0\u00bb20px\u00a0\u00bb text_orientation_tablet=\u00a0\u00bbcenter\u00a0\u00bb text_orientation_phone=\u00a0\u00bbcenter\u00a0\u00bb text_orientation_last_edited=\u00a0\u00bbon|tablet\u00a0\u00bb global_colors_info=\u00a0\u00bb{}\u00a0\u00bb]<\/p>\n<p>Notre entreprise, situ\u00e9e \u00e0 Barbarte depuis le XIXe si\u00e8cle, a d&rsquo;abord commenc\u00e9 son activit\u00e9 en tant qu&rsquo;\u00e9picerie, avant de passer \u00e0 la vente de meubles et d&rsquo;appareils \u00e9lectriques en 1957. Huit ans plus tard, elle s&rsquo;est lanc\u00e9e dans la construction de logements et de locaux commerciaux.<\/p>\n<p>Dans le but de diversifier notre entreprise, nous avons opt\u00e9 pour le secteur de l&rsquo;h\u00f4tellerie et de la restauration en cr\u00e9ant ces appartements touristiques que nous sommes en train de promouvoir.<\/p>\n<p>AReH Tourist Apartments with 2 keys, est un ensemble d&rsquo;appartements et de studios situ\u00e9s dans la ville c\u00f4ti\u00e8re de Barbarte, \u00e0 100 m\u00e8tres de Playa del Carmen et de sa promenade, o\u00f9 se trouvent la plupart de ses bars, restaurants et espaces de loisirs.<\/p>\n<p>[\/et_pb_text][\/et_pb_column][\/et_pb_row][\/et_pb_section]<\/p>\n","protected":false},"excerpt":{"rendered":"<p>Areh Apartments | A propos de nousL&rsquo;entrepriseNotre entreprise, situ\u00e9e \u00e0 Barbarte depuis le XIXe si\u00e8cle, a d&rsquo;abord commenc\u00e9 son activit\u00e9 en tant qu&rsquo;\u00e9picerie, avant de passer \u00e0 la vente de meubles et d&rsquo;appareils \u00e9lectriques en 1957. Huit ans plus tard, elle s&rsquo;est lanc\u00e9e dans la construction de logements et de locaux commerciaux. Dans le but [&hellip;]<\/p>\n","protected":false},"author":1,"featured_media":0,"parent":0,"menu_order":0,"comment_status":"closed","ping_status":"closed","template":"","meta":{"_et_pb_use_builder":"on","_et_pb_old_content":"","_et_gb_content_width":"","footnotes":""},"class_list":["post-9546","page","type-page","status-publish","hentry"],"_links":{"self":[{"href":"https:\/\/arehapartamentos.com\/fr\/wp-json\/wp\/v2\/pages\/9546","targetHints":{"allow":["GET"]}}],"collection":[{"href":"https:\/\/arehapartamentos.com\/fr\/wp-json\/wp\/v2\/pages"}],"about":[{"href":"https:\/\/arehapartamentos.com\/fr\/wp-json\/wp\/v2\/types\/page"}],"author":[{"embeddable":true,"href":"https:\/\/arehapartamentos.com\/fr\/wp-json\/wp\/v2\/users\/1"}],"replies":[{"embeddable":true,"href":"https:\/\/arehapartamentos.com\/fr\/wp-json\/wp\/v2\/comments?post=9546"}],"version-history":[{"count":0,"href":"https:\/\/arehapartamentos.com\/fr\/wp-json\/wp\/v2\/pages\/9546\/revisions"}],"wp:attachment":[{"href":"https:\/\/arehapartamentos.com\/fr\/wp-json\/wp\/v2\/media?parent=9546"}],"curies":[{"name":"wp","href":"https:\/\/api.w.org\/{rel}","templated":true}]}}