{"id":9563,"date":"2020-03-06T08:16:51","date_gmt":"2020-03-06T07:16:51","guid":{"rendered":"https:\/\/arehapartamentos.com\/politique-de-confidentialite\/"},"modified":"2026-03-10T19:01:15","modified_gmt":"2026-03-10T18:01:15","slug":"politique-de-confidentialite","status":"publish","type":"page","link":"https:\/\/arehapartamentos.com\/fr\/politique-de-confidentialite\/","title":{"rendered":"Politique de confidentialit\u00e9"},"content":{"rendered":"<p>[et_pb_section fb_built=\u00a0\u00bb1&Prime; admin_label=\u00a0\u00bbBreadcrumbs\u00a0\u00bb module_id=\u00a0\u00bbbreadcrumbs\u00a0\u00bb _builder_version=\u00a0\u00bb4.23.4&Prime; background_color=\u00a0\u00bb#cccccc\u00a0\u00bb background_enable_color=\u00a0\u00bboff\u00a0\u00bb custom_padding=\u00a0\u00bb||0px||false|false\u00a0\u00bb global_module=\u00a0\u00bb3246&Prime; saved_tabs=\u00a0\u00bball\u00a0\u00bb locked=\u00a0\u00bboff\u00a0\u00bb collapsed=\u00a0\u00bbon\u00a0\u00bb global_colors_info=\u00a0\u00bb{}\u00a0\u00bb][et_pb_row _builder_version=\u00a0\u00bb4.16&Prime; custom_padding=\u00a0\u00bb10px||10px||false|false\u00a0\u00bb global_colors_info=\u00a0\u00bb{}\u00a0\u00bb][et_pb_column type=\u00a0\u00bb4_4&Prime; _builder_version=\u00a0\u00bb4.16&Prime; global_colors_info=\u00a0\u00bb{}\u00a0\u00bb][et_pb_code _builder_version=\u00a0\u00bb4.23.4&Prime; text_orientation=\u00a0\u00bbcenter\u00a0\u00bb locked=\u00a0\u00bboff\u00a0\u00bb global_colors_info=\u00a0\u00bb{}\u00a0\u00bb]<nav aria-label=\"breadcrumbs\" class=\"rank-math-breadcrumb\"><p><span class=\"last\">Areh Apartamentos<\/span><\/p><\/nav>[\/et_pb_code][\/et_pb_column][\/et_pb_row][\/et_pb_section][et_pb_section fb_built=\u00a0\u00bb1&Prime; module_class=\u00a0\u00bbseccion\u00a0\u00bb _builder_version=\u00a0\u00bb4.23.4&Prime; vertical_offset_tablet=\u00a0\u00bb0&Prime; horizontal_offset_tablet=\u00a0\u00bb0&Prime; custom_padding=\u00a0\u00bb||0px||false|false\u00a0\u00bb z_index_tablet=\u00a0\u00bb0&Prime; box_shadow_horizontal_tablet=\u00a0\u00bb0px\u00a0\u00bb box_shadow_vertical_tablet=\u00a0\u00bb0px\u00a0\u00bb box_shadow_blur_tablet=\u00a0\u00bb40px\u00a0\u00bb box_shadow_spread_tablet=\u00a0\u00bb0px\u00a0\u00bb global_colors_info=\u00a0\u00bb{}\u00a0\u00bb][et_pb_row _builder_version=\u00a0\u00bb4.23.4&Prime; background_size=\u00a0\u00bbinitial\u00a0\u00bb background_position=\u00a0\u00bbtop_left\u00a0\u00bb background_repeat=\u00a0\u00bbrepeat\u00a0\u00bb custom_padding=\u00a0\u00bb||0px||false|false\u00a0\u00bb global_colors_info=\u00a0\u00bb{}\u00a0\u00bb][et_pb_column type=\u00a0\u00bb4_4&Prime; _builder_version=\u00a0\u00bb4.16&Prime; custom_padding=\u00a0\u00bb|||\u00a0\u00bb global_colors_info=\u00a0\u00bb{}\u00a0\u00bb custom_padding__hover=\u00a0\u00bb|||\u00a0\u00bb][et_pb_post_title meta=\u00a0\u00bboff\u00a0\u00bb featured_image=\u00a0\u00bboff\u00a0\u00bb module_class=\u00a0\u00bbtitulo-pagina\u00a0\u00bb _builder_version=\u00a0\u00bb4.23.4&Prime; title_font=\u00a0\u00bbSarabun|700|||||||\u00a0\u00bb title_text_color=\u00a0\u00bb#02002c\u00a0\u00bb title_font_size=\u00a0\u00bb42px\u00a0\u00bb vertical_offset_tablet=\u00a0\u00bb0&Prime; horizontal_offset_tablet=\u00a0\u00bb0&Prime; text_orientation=\u00a0\u00bbcenter\u00a0\u00bb z_index_tablet=\u00a0\u00bb0&Prime; title_text_shadow_horizontal_length_tablet=\u00a0\u00bb0px\u00a0\u00bb title_text_shadow_vertical_length_tablet=\u00a0\u00bb0px\u00a0\u00bb title_text_shadow_blur_strength_tablet=\u00a0\u00bb1px\u00a0\u00bb meta_text_shadow_horizontal_length_tablet=\u00a0\u00bb0px\u00a0\u00bb meta_text_shadow_vertical_length_tablet=\u00a0\u00bb0px\u00a0\u00bb meta_text_shadow_blur_strength_tablet=\u00a0\u00bb1px\u00a0\u00bb box_shadow_horizontal_tablet=\u00a0\u00bb0px\u00a0\u00bb box_shadow_vertical_tablet=\u00a0\u00bb0px\u00a0\u00bb box_shadow_blur_tablet=\u00a0\u00bb40px\u00a0\u00bb box_shadow_spread_tablet=\u00a0\u00bb0px\u00a0\u00bb text_shadow_horizontal_length_tablet=\u00a0\u00bb0px\u00a0\u00bb text_shadow_vertical_length_tablet=\u00a0\u00bb0px\u00a0\u00bb text_shadow_blur_strength_tablet=\u00a0\u00bb1px\u00a0\u00bb global_colors_info=\u00a0\u00bb{}\u00a0\u00bb][\/et_pb_post_title][\/et_pb_column][\/et_pb_row][\/et_pb_section][et_pb_section fb_built=\u00a0\u00bb1&Prime; module_class=\u00a0\u00bbseccion seccion-pagina contenido\u00a0\u00bb _builder_version=\u00a0\u00bb4.16&Prime; vertical_offset_tablet=\u00a0\u00bb0&Prime; horizontal_offset_tablet=\u00a0\u00bb0&Prime; z_index_tablet=\u00a0\u00bb0&Prime; box_shadow_horizontal_tablet=\u00a0\u00bb0px\u00a0\u00bb box_shadow_vertical_tablet=\u00a0\u00bb0px\u00a0\u00bb box_shadow_blur_tablet=\u00a0\u00bb40px\u00a0\u00bb box_shadow_spread_tablet=\u00a0\u00bb0px\u00a0\u00bb global_colors_info=\u00a0\u00bb{}\u00a0\u00bb][et_pb_row _builder_version=\u00a0\u00bb4.16&Prime; background_size=\u00a0\u00bbinitial\u00a0\u00bb background_position=\u00a0\u00bbtop_left\u00a0\u00bb background_repeat=\u00a0\u00bbrepeat\u00a0\u00bb global_colors_info=\u00a0\u00bb{}\u00a0\u00bb][et_pb_column type=\u00a0\u00bb4_4&Prime; _builder_version=\u00a0\u00bb4.16&Prime; custom_padding=\u00a0\u00bb|||\u00a0\u00bb global_colors_info=\u00a0\u00bb{}\u00a0\u00bb custom_padding__hover=\u00a0\u00bb|||\u00a0\u00bb][et_pb_text _builder_version=\u00a0\u00bb4.23.4&Prime; background_size=\u00a0\u00bbinitial\u00a0\u00bb background_position=\u00a0\u00bbtop_left\u00a0\u00bb background_repeat=\u00a0\u00bbrepeat\u00a0\u00bb global_colors_info=\u00a0\u00bb{}\u00a0\u00bb]<\/p>\n<p style=\"text-align: center;\">\n<p><strong>INFORMATIONS COMPL\u00c9MENTAIRES POUR LE SITE WEB<\/strong><\/p>\n<p style=\"text-align: center;\"><strong>AVIS DE PROTECTION DES DONN\u00c9ES<\/strong><\/p>\n<p>Conform\u00e9ment \u00e0 la Loi 34\/2002 du 11 juillet et \u00e0 toute autre l\u00e9gislation applicable, REND\u00d3N E HIJOS, S.L. d\u00e9clare que son num\u00e9ro d&rsquo;identification fiscale est B11476199, que son si\u00e8ge social est situ\u00e9 au C\/ ANCHA, 63 &#8211; 11160 BARBATE (C\u00c1DIZ) et que son adresse email de contact est info@arehapartamentos.com.<\/p>\n<p>Les pr\u00e9sentes conditions l\u00e9gales r\u00e9gissent l&rsquo;utilisation et les conditions d&rsquo;acc\u00e8s du site web www.arehapartamentos.com (ci-apr\u00e8s le \u00ab Site \u00bb). L&rsquo;utilisation ou l&rsquo;acc\u00e8s \u00e0 ce Site implique que vous (ci-apr\u00e8s l&rsquo;\u00ab Utilisateur \u00bb) reconnaissez avoir lu et compris int\u00e9gralement les pr\u00e9sentes informations. Si vous, en tant qu&rsquo;Utilisateur, n&rsquo;acceptez pas l&rsquo;une quelconque de ces conditions, vous devez cesser d&rsquo;acc\u00e9der \u00e0 ce Site.<\/p>\n<p>&nbsp;<\/p>\n<p style=\"text-align: center;\"><strong>POLITIQUE DE PROTECTION DES DONN\u00c9ES.<\/strong><\/p>\n<p><strong> <\/strong><\/p>\n<p><strong><\/strong><strong style=\"font-size: 16px; text-align: left;\">A.INFORMATIONS CONFIDENTIELLES:<\/strong><span style=\"font-size: 16px; text-align: left;\"> On entend par \u00ab informations confidentielles \u00bb toute information ou donn\u00e9e fournie par vos soins sur notre site web..<\/span><\/p>\n<p>Ainsi, \u00e0 titre \u00e9nonciatif mais non limitatif, sont consid\u00e9r\u00e9es comme informations confidentielles toutes les informations personnelles, non exhaustivement : num\u00e9ros de t\u00e9l\u00e9phone, num\u00e9ros de fax, adresses email, adresses de r\u00e9sidence, signatures, copies de passeports ou documents d&rsquo;identit\u00e9 nationaux, d\u00e9tails de cartes de cr\u00e9dit\/d\u00e9bit, pr\u00e9f\u00e9rences personnelles, particularit\u00e9s ou toute autre information vous concernant et pertinente pour la r\u00e9servation ou le paiement effectu\u00e9s par vous ou le groupe pour le compte duquel vous contractez.<\/p>\n<p>informations suivantes ne seront en aucun cas consid\u00e9r\u00e9es comme confidentielles :<\/p>\n<ul>\n<li>Tout sujet apparaissant publiquement ou devenant de notori\u00e9t\u00e9 publique, sauf s&rsquo;il est devenu public en raison d&rsquo;une violation par l&rsquo;une des parties.<\/li>\n<li>Toute information ou connaissance (know-how) acquise aupr\u00e8s de tiers.<\/li>\n<li>Divulgation exig\u00e9e par la loi.<\/li>\n<li>Divulgation d&rsquo;informations \u00e0 la demande de juges ou tribunaux.<\/li>\n<li>Informations relatives \u00e0 des donn\u00e9es \u00e9conomiques ou autres devant \u00eatre fournies aux administrations \u00e9tatique, locale ou r\u00e9gionale, pour des exigences fiscales, sociales ou de passation de march\u00e9s publics.<\/li>\n<\/ul>\n<p>B. <strong style=\"font-size: 16px;\">ACC\u00c8S AUX DONN\u00c9ES PERSONNELLES<\/strong><\/p>\n<p><u>INFORMATIONS<\/u><\/p>\n<ul>\n<li>Responsable du traitement :\u00a0REND\u00d3N E HIJOS, S.L.<\/li>\n<li>Courriel :\u00a0<span><a href=\"mailto:info@arehapartamentos.com\">info@arehapartamentos.com<\/a><\/span><\/li>\n<li>D\u00e9l\u00e9gu\u00e9 \u00e0 la protection des donn\u00e9es :\u00a0Mentora Growth, S.L.<\/li>\n<li>Courriel :\u00a0<span><a href=\"mailto:dpo@mentora.es\">dpo@mentora.es<\/a><\/span><u><br \/><\/u><\/li>\n<\/ul>\n<p><u>FINALIT\u00c9<\/u><\/p>\n<p>ACTIVIT\u00c9 PRINCIPALE : APARTHOTELS.<\/p>\n<p>Les informations fournies via le formulaire de contact, ou le cas \u00e9ch\u00e9ant lors de l&rsquo;enregistrement en tant qu&rsquo;utilisateur, sont r\u00e9put\u00e9es communiqu\u00e9es de mani\u00e8re v\u00e9ridique par l&rsquo;utilisateur du site web et ne seront collect\u00e9es qu&rsquo;en proportion ad\u00e9quate, pertinente et non excessive pour vous servir en tant que client et vous fournir correctement les services contract\u00e9s. \u00c9galement, avec votre consentement expr\u00e8s, pour g\u00e9rer les listes d&rsquo;abonnement, les suivis, envoyer des bulletins, promotions et offres sp\u00e9ciales, ainsi que pour mod\u00e9rer et r\u00e9pondre aux commentaires des utilisateurs du site web.<\/p>\n<p>Les informations ne seront pas utilis\u00e9es \u00e0 des fins incompatibles avec celles pour lesquelles elles ont \u00e9t\u00e9 fournies. Si elles devaient \u00eatre utilis\u00e9es \u00e0 une fin incompatible, vous en serez inform\u00e9 et votre consentement sera sollicit\u00e9.<\/p>\n<p>Nous n&rsquo;utiliserons pas vos donn\u00e9es personnelles \u00e0 des fins de prise de d\u00e9cision bas\u00e9e exclusivement sur un traitement automatis\u00e9 de vos donn\u00e9es susceptible de produire des effets juridiques, sauf si cela est n\u00e9cessaire pour conclure un contrat, si vous y consentez explicitement ou si la loi l&rsquo;autorise. Nous garantissons le respect des conditions d&rsquo;utilisation l\u00e9galement \u00e9tablies et pouvons d\u00e9velopper des outils et algorithmes aidant le site web \u00e0 garantir la confidentialit\u00e9 des donn\u00e9es collect\u00e9es.<\/p>\n<p>Les donn\u00e9es personnelles sont habituellement collect\u00e9es par divers moyens, sur papier ou par voie \u00e9lectronique. En cas de possession d&rsquo;informations provenant de tiers, nous vous en informerons lors de la premi\u00e8re communication ou dans un d\u00e9lai maximum d&rsquo;un mois. Afin de vous proposer des produits et services conformes \u00e0 vos int\u00e9r\u00eats, nous pourrons \u00e9laborer un profil commercial bas\u00e9 sur ces informations. Toutes vos informations seront archiv\u00e9es sur nos serveurs et feront partie de nos Registres d&rsquo;Activit\u00e9s de Traitement.<\/p>\n<p><u>BASE L\u00c9GALE<\/u><\/p>\n<ul>\n<li>Responsable du traitement : REND\u00d3N E HIJOS, S.L.<\/li>\n<li>Courriel : info@arehapartamentos.com<\/li>\n<li>D\u00e9l\u00e9gu\u00e9 \u00e0 la protection des donn\u00e9es : Mentora Growth, S.L.<\/li>\n<li>Courriel : dpo@mentora.es<\/li>\n<\/ul>\n<p><u>CONSERVATION<\/u><\/p>\n<p>donn\u00e9es seront conserv\u00e9es pendant le temps n\u00e9cessaire \u00e0 l&rsquo;ex\u00e9cution du service demand\u00e9. Une fois cette finalit\u00e9 atteinte, vos donn\u00e9es seront d\u00fbment bloqu\u00e9es pour respecter les obligations l\u00e9gales impos\u00e9es au responsable par la l\u00e9gislation en vigueur. Au terme de ces d\u00e9lais, vos donn\u00e9es seront d\u00e9finitivement supprim\u00e9es sauf demande expresse de portabilit\u00e9 vers un tiers.<\/p>\n<p><u>DESTINATAIRES\/COMMUNICATIONS<\/u><\/p>\n<ul>\n<li>Tr\u00e9sor public, Tr\u00e9sorerie g\u00e9n\u00e9rale de la S\u00e9curit\u00e9 sociale ou entit\u00e9s collaboratrices, ou autres, en tant qu&rsquo;exigence l\u00e9gale.<\/li>\n<li>Tribunaux de justice, Minist\u00e8re public ou Forces et Corps de s\u00e9curit\u00e9 de l&rsquo;\u00c9tat, ou autres, en tant qu&rsquo;exigence l\u00e9gale.<\/li>\n<li>Services fiscaux et sociaux<\/li>\n<li>Services de conseil<\/li>\n<li>Services informatiques<\/li>\n<li>Transferts internationaux<\/li>\n<\/ul>\n<p><u>DROITS<\/u><\/p>\n<p>Vous pouvez exercer vos droits d&rsquo;acc\u00e8s, de rectification, de suppression et de portabilit\u00e9 de vos donn\u00e9es, ainsi que la limitation ou l&rsquo;opposition au traitement aupr\u00e8s de : C\/ ONCE DE MARZO, 10 &#8211; 11160 BARBATE (C\u00c1DIZ).<\/p>\n<p>De m\u00eame, en cas de d\u00e9saccord concernant le traitement de vos informations, vous avez le droit de saisir l&rsquo;Autorit\u00e9 de contr\u00f4le \u00e0 : www.aepd.es<\/p>\n<p><u>PROVENANCE<\/u><\/p>\n<p>Les donn\u00e9es objet du traitement proviennent de la personne concern\u00e9e.<\/p>\n<p><u>R\u00c9GLEMENTATION<\/u><\/p>\n<ul>\n<li>R\u00e8glement g\u00e9n\u00e9ral sur la protection des donn\u00e9es 2016\/679<\/li>\n<li>Loi organique 3\/2018 sur la protection des donn\u00e9es<\/li>\n<\/ul>\n<p style=\"text-align: center;\">.<\/p>\n<p>[\/et_pb_text][\/et_pb_column][\/et_pb_row][\/et_pb_section]<\/p>\n","protected":false},"excerpt":{"rendered":"<p><nav aria-label=\"breadcrumbs\" class=\"rank-math-breadcrumb\"><p><span class=\"last\">Areh Apartamentos<\/span><\/p><\/nav> INFORMATIONS COMPL\u00c9MENTAIRES POUR LE SITE WEB AVIS DE PROTECTION DES DONN\u00c9ES Conform\u00e9ment \u00e0 la Loi 34\/2002 du 11 juillet et \u00e0 toute autre l\u00e9gislation applicable, REND\u00d3N E HIJOS, S.L. d\u00e9clare que son num\u00e9ro d&rsquo;identification fiscale est B11476199, que son si\u00e8ge social est situ\u00e9 au C\/ ANCHA, 63 &#8211; 11160 BARBATE (C\u00c1DIZ) et que son [&hellip;]<\/p>\n","protected":false},"author":1,"featured_media":0,"parent":0,"menu_order":0,"comment_status":"closed","ping_status":"open","template":"","meta":{"_et_pb_use_builder":"on","_et_pb_old_content":"","_et_gb_content_width":"","footnotes":""},"class_list":["post-9563","page","type-page","status-publish","hentry"],"_links":{"self":[{"href":"https:\/\/arehapartamentos.com\/fr\/wp-json\/wp\/v2\/pages\/9563","targetHints":{"allow":["GET"]}}],"collection":[{"href":"https:\/\/arehapartamentos.com\/fr\/wp-json\/wp\/v2\/pages"}],"about":[{"href":"https:\/\/arehapartamentos.com\/fr\/wp-json\/wp\/v2\/types\/page"}],"author":[{"embeddable":true,"href":"https:\/\/arehapartamentos.com\/fr\/wp-json\/wp\/v2\/users\/1"}],"replies":[{"embeddable":true,"href":"https:\/\/arehapartamentos.com\/fr\/wp-json\/wp\/v2\/comments?post=9563"}],"version-history":[{"count":1,"href":"https:\/\/arehapartamentos.com\/fr\/wp-json\/wp\/v2\/pages\/9563\/revisions"}],"predecessor-version":[{"id":11811,"href":"https:\/\/arehapartamentos.com\/fr\/wp-json\/wp\/v2\/pages\/9563\/revisions\/11811"}],"wp:attachment":[{"href":"https:\/\/arehapartamentos.com\/fr\/wp-json\/wp\/v2\/media?parent=9563"}],"curies":[{"name":"wp","href":"https:\/\/api.w.org\/{rel}","templated":true}]}}